{"id":2758,"date":"2021-02-17T15:29:11","date_gmt":"2021-02-17T14:29:11","guid":{"rendered":"https:\/\/niepceparis.com\/?page_id=2758"},"modified":"2025-05-19T17:43:18","modified_gmt":"2025-05-19T15:43:18","slug":"legal-notice","status":"publish","type":"page","link":"https:\/\/niepceparis.com\/en\/legal-notice\/","title":{"rendered":"Legal Notice"},"content":{"rendered":"\t\t<div data-elementor-type=\"wp-page\" data-elementor-id=\"2758\" class=\"elementor elementor-2758 elementor-2438\" data-elementor-post-type=\"page\">\n\t\t\t\t\t\t<section class=\"elementor-section elementor-top-section elementor-element elementor-element-488c314 elementor-section-full_width elementor-section-height-min-height elementor-section-height-default elementor-section-items-middle\" data-id=\"488c314\" data-element_type=\"section\" data-settings=\"{&quot;background_background&quot;:&quot;classic&quot;}\">\n\t\t\t\t\t\t<div class=\"elementor-container elementor-column-gap-default\">\n\t\t\t\t\t<div class=\"elementor-column elementor-col-100 elementor-top-column elementor-element elementor-element-2e5704f\" data-id=\"2e5704f\" data-element_type=\"column\">\n\t\t\t<div class=\"elementor-widget-wrap\">\n\t\t\t\t\t\t\t<\/div>\n\t\t<\/div>\n\t\t\t\t\t<\/div>\n\t\t<\/section>\n\t\t\t\t<section class=\"elementor-section elementor-top-section elementor-element elementor-element-f40167a elementor-section-boxed elementor-section-height-default elementor-section-height-default\" data-id=\"f40167a\" data-element_type=\"section\">\n\t\t\t\t\t\t<div class=\"elementor-container elementor-column-gap-default\">\n\t\t\t\t\t<div class=\"elementor-column elementor-col-100 elementor-top-column elementor-element elementor-element-65a150f\" data-id=\"65a150f\" data-element_type=\"column\">\n\t\t\t<div class=\"elementor-widget-wrap elementor-element-populated\">\n\t\t\t\t\t\t<div class=\"elementor-element elementor-element-aa9d5cf elementor-widget elementor-widget-heading\" data-id=\"aa9d5cf\" data-element_type=\"widget\" data-widget_type=\"heading.default\">\n\t\t\t\t<div class=\"elementor-widget-container\">\n\t\t\t<h1 class=\"elementor-heading-title elementor-size-default\">Legal notice<\/h1>\t\t<\/div>\n\t\t\t\t<\/div>\n\t\t\t\t<div class=\"elementor-element elementor-element-ed6d32d elementor-widget-divider--view-line_icon elementor-view-stacked separator elementor-widget-divider--element-align-center elementor-widget elementor-widget-divider\" data-id=\"ed6d32d\" data-element_type=\"widget\" data-widget_type=\"divider.default\">\n\t\t\t\t<div class=\"elementor-widget-container\">\n\t\t\t\t\t<div class=\"elementor-divider\">\n\t\t\t<span class=\"elementor-divider-separator\">\n\t\t\t\t\t\t\t<div class=\"elementor-icon elementor-divider__element\">\n\t\t\t\t\t<i aria-hidden=\"true\" class=\"fas fa-square-full\"><\/i><\/div>\n\t\t\t\t\t\t<\/span>\n\t\t<\/div>\n\t\t\t\t<\/div>\n\t\t\t\t<\/div>\n\t\t\t\t\t<\/div>\n\t\t<\/div>\n\t\t\t\t\t<\/div>\n\t\t<\/section>\n\t\t\t\t<section class=\"elementor-section elementor-top-section elementor-element elementor-element-d251648 elementor-section-boxed elementor-section-height-default elementor-section-height-default\" data-id=\"d251648\" data-element_type=\"section\">\n\t\t\t\t\t\t<div class=\"elementor-container elementor-column-gap-default\">\n\t\t\t\t\t<div class=\"elementor-column elementor-col-100 elementor-top-column elementor-element elementor-element-8ed01ea\" data-id=\"8ed01ea\" data-element_type=\"column\">\n\t\t\t<div class=\"elementor-widget-wrap elementor-element-populated\">\n\t\t\t\t\t\t<div class=\"elementor-element elementor-element-0b39812 elementor-widget elementor-widget-text-editor\" data-id=\"0b39812\" data-element_type=\"widget\" data-widget_type=\"text-editor.default\">\n\t\t\t\t<div class=\"elementor-widget-container\">\n\t\t\t\t\t\t\t<p>In compliance with the provisions of the French Consumer Code (Articles L.111-1 to L.111-8 and Article R.111-1) and with Law no. 2004-575 of 21st June 2004 (Articles 6, 19 and 20) aimed at promoting trust in the digital economy, the information shown below is provided to guarantee transparency regarding the website and its publisher.<\/p><p><strong>Company or business name:<\/strong>\u00a0NAOS H\u00d4TEL NIEPCE<\/p><p><strong>Legal form:<\/strong>\u00a0SAS<\/p><p><strong>Office address \/ registered office:<\/strong>\u00a0585 ROUTE DE NERVIEUX CLURIEUX 42110 SAINTE FOY SAINT SULPICE<\/p><p><strong>Registered capital:<\/strong>\u00a011 000 000 euros<\/p><p><strong>Email address:<\/strong>\u00a0<a href=\"mailto:contact@naoshotelgroupe.com\">contact@n<\/a>iepceparis.com<\/p><p><strong>Telephone number:<\/strong>\u00a0<span style=\"color: black; font-family: Aptos, sans-serif; font-size: 12pt;\">01 83 75 69 20<\/span><\/p><p><strong>Site Publisher&#8217;s contact details:<\/strong>\u00a0Immatricul\u00e9 au Registre du Commerce et des Soci\u00e9t\u00e9s de Poitiers sous le num\u00e9ro 821 512\u00a0779.<br \/><span style=\"font-weight: bold; color: #24272d !important;\">Intra-community VAT number:<\/span>\u00a0FR 82 821 512\u00a0779<br \/><span style=\"font-weight: bold; color: #24272d !important;\">CNIL registration number:<\/span>\u00a02117114v0<\/p><p><strong>Name of Publication Director:<\/strong>\u00a0Daniel Bachellerie<\/p><p><strong>Site Host&#8217;s contact details:<\/strong>\u00a01&amp;1 IONOS SARL \u2013 7, place de la Gare \u2013 BP 70109 \u2013 57200 Sarreguemines C<br \/><span style=\"font-weight: bold; color: #24272d !important;\">SIRET business reg. no.:<\/span>\u00a0431 303 775 000 16<br \/><span style=\"font-weight: bold; color: #24272d !important;\">APE primary business activity code:<\/span>\u00a06201Z<br \/><span style=\"font-weight: bold; color: #24272d !important;\">EU registration number:<\/span>\u00a0FR 13 431303775<\/p><h3>PERSONAL DATA<\/h3><p>The information we collect is intended solely for NAOS HOTEL NIEPCE\u2019s Marketing and Innovation Department. None of your personal data is transferred to a third party. Visitors to this website are informed about and give their consent in respect of information (\u201ccookies\u201d) being temporarily installed on their computer, tablet or mobile phone to optimize site navigation, direct suitable services to their terminal (computer, mobile phone or tablet), and compile site visit statistics. The user is free to reject these cookies by configuring their browser.<\/p><p>Any personal information you may be asked to provide to NAOS HOTEL NIEPCE is subject to the provisions of amended French Data Protection Act no. 78-17 of 6th January 1978 on data protection, computer files and civil liberties.<\/p><p>Under this law, you have the right to access your personal data and to have it rectified or erased. You can exercise said right at any time by writing to Naos Hotel Niepce, Avenue du Futuroscope \u2013 T\u00e9l\u00e9port 1 \u2013 Bat. Arobase 3 \u2013 4th Floor \u2013 86360 Chasseneuil du Poitou, France.<\/p><h3>\u00a0<\/h3><h3>INTELLECTUAL PROPERTY<\/h3><p>NAOS HOTEL NIEPCE owns, reserves and retains all property rights, in particular intellectual property rights including rights of reproduction in regard to this website and the elements contained therein.<\/p><p>Consequently, any reproduction, whether total or partial, of this website and elements contained therein is strictly forbidden without the written authorisation of NAOS HOTEL NIEPCE.<\/p><p>Trademarks, patents, logos and any other distinctive signs contained on this website are the property of NAOS HOTEL NIEPCE\u00a0or are subject to a licence to use. No right or licence can be granted regarding any of these elements without the written authorisation of NAOS HOTEL NIEPCE\u00a0or the third-party rights holder.<\/p><h3>\u00a0<\/h3><h3>PHOTO CREDITS<\/h3><p>All photos, icons and illustrations shown on this website are the exclusive property of Naos Hotel Niepce or external contractors. Any complete or partial reproduction of these visuals is strictly forbidden without the prior written authorisation of the Naos Hotel Niepce.<\/p><p>It is hereby noted that the photos shown in the descriptions are purely descriptive and not contractually binding.<\/p><h3>\u00a0<\/h3><h3>DISCLAIMER<\/h3><p>Users of the \u201cniepceparis.com\u201d website acknowledge they have taken note of these site user terms and conditions and undertake to comply with them.<\/p><p>NAOS HOTEL NIEPCE\u00a0cannot be held liable for any direct or indirect damage that may result from accessing or using the website and\/or this information, including lack of access, loss of data, damage or destruction or viruses that might affect the user\u2019s computer equipment and\/or the presence of viruses on its website.<\/p><h4>\u00a0<\/h4><h3>LINKS TO OTHER WEBSITES<\/h3><p>The website may include links to other sites or other internet sources. Insofar as NAOS HOTEL NIEPCE<span style=\"font-style: inherit; font-weight: inherit;\">\u00a0cannot control those websites and external sources, NAOS HOTEL NIEPCE\u00a0cannot be held responsible for the availability of those sites and external sources, nor can it bear any responsibility for the contents, adverts, products, services or any other material available on or from those sites or external sources. These links are offered as a service to users of the NAOS HOTEL NIEPCE\u00a0website. The decision to activate said links rests solely with you.<\/span><\/p><p>We should like to remind you that unaffiliated websites are subject to their own terms and conditions of use.<\/p><h4>\u00a0<\/h4><h3>INFORMATION ON THE OUT-OF-COURT SETTLEMENT OF DISPUTES<\/h3><p>After submitting a complaint to the hotel in order to resolve a dispute amicably, and in the event of a negative response or in the absence of a response within 60 days of the complaint, the customer may refer the complaint free of charge to the Tourism and Travel Ombudsman, whose contact information are provided below. Referral to the mediator may be made within 12 months of the first complaint.<\/p><p>Referral form: www.mtv.travel<br \/>Postal address: M\u00e9diation Tourisme et Voyage<br \/>BP 80 303 75 823<br \/>Paris Cedex 17<\/p><p>In the context of an online sales or service contract, customers residing in the European Union have the option of using the dispute resolution platform available on the https:\/\/europa.eu\/-dispute-resolution\/fr website, in accordance with Regulation (EU) No 524\/2013 of the European Parliament and of the Council of 21 May 2013 on the online settlement of consumer disputes and amending Regulation (EC) No 2006\/2004 and Directive 2009\/22\/EC.<\/p><p>Customers who do not wish to be the subject of commercial prospecting by telephone may, free of charge, register on a telephone anti-solicitation list. For more information: https:\/\/bloctel.gouv.fr<\/p>\t\t\t\t\t\t<\/div>\n\t\t\t\t<\/div>\n\t\t\t\t<div class=\"elementor-element elementor-element-f31543d elementor-widget elementor-widget-menu-anchor\" data-id=\"f31543d\" data-element_type=\"widget\" data-widget_type=\"menu-anchor.default\">\n\t\t\t\t<div class=\"elementor-widget-container\">\n\t\t\t\t\t<div class=\"elementor-menu-anchor\" id=\"cookies\"><\/div>\n\t\t\t\t<\/div>\n\t\t\t\t<\/div>\n\t\t\t\t\t<\/div>\n\t\t<\/div>\n\t\t\t\t\t<\/div>\n\t\t<\/section>\n\t\t\t\t<\/div>\n\t\t","protected":false},"excerpt":{"rendered":"<p>Legal notice In compliance with the provisions of the French Consumer Code (Articles L.111-1 to L.111-8 and Article R.111-1) and with Law no. 2004-575 of 21st June 2004 (Articles 6, 19 and 20) aimed at promoting trust in the digital economy, the information shown below is provided to guarantee transparency regarding the website and its [&hellip;]<\/p>\n","protected":false},"author":7,"featured_media":0,"parent":0,"menu_order":0,"comment_status":"closed","ping_status":"closed","template":"","meta":{"site-sidebar-layout":"no-sidebar","site-content-layout":"page-builder","ast-site-content-layout":"","site-content-style":"default","site-sidebar-style":"default","ast-global-header-display":"","ast-banner-title-visibility":"","ast-main-header-display":"","ast-hfb-above-header-display":"","ast-hfb-below-header-display":"","ast-hfb-mobile-header-display":"","site-post-title":"disabled","ast-breadcrumbs-content":"","ast-featured-img":"disabled","footer-sml-layout":"","theme-transparent-header-meta":"default","adv-header-id-meta":"","stick-header-meta":"","header-above-stick-meta":"","header-main-stick-meta":"","header-below-stick-meta":"","astra-migrate-meta-layouts":"default","ast-page-background-enabled":"default","ast-page-background-meta":{"desktop":{"background-color":"","background-image":"","background-repeat":"repeat","background-position":"center center","background-size":"auto","background-attachment":"scroll","background-type":"","background-media":"","overlay-type":"","overlay-color":"","overlay-opacity":"","overlay-gradient":""},"tablet":{"background-color":"","background-image":"","background-repeat":"repeat","background-position":"center center","background-size":"auto","background-attachment":"scroll","background-type":"","background-media":"","overlay-type":"","overlay-color":"","overlay-opacity":"","overlay-gradient":""},"mobile":{"background-color":"","background-image":"","background-repeat":"repeat","background-position":"center center","background-size":"auto","background-attachment":"scroll","background-type":"","background-media":"","overlay-type":"","overlay-color":"","overlay-opacity":"","overlay-gradient":""}},"ast-content-background-meta":{"desktop":{"background-color":"var(--ast-global-color-5)","background-image":"","background-repeat":"repeat","background-position":"center center","background-size":"auto","background-attachment":"scroll","background-type":"","background-media":"","overlay-type":"","overlay-color":"","overlay-opacity":"","overlay-gradient":""},"tablet":{"background-color":"var(--ast-global-color-5)","background-image":"","background-repeat":"repeat","background-position":"center center","background-size":"auto","background-attachment":"scroll","background-type":"","background-media":"","overlay-type":"","overlay-color":"","overlay-opacity":"","overlay-gradient":""},"mobile":{"background-color":"var(--ast-global-color-5)","background-image":"","background-repeat":"repeat","background-position":"center center","background-size":"auto","background-attachment":"scroll","background-type":"","background-media":"","overlay-type":"","overlay-color":"","overlay-opacity":"","overlay-gradient":""}},"footnotes":""},"yst_prominent_words":[],"class_list":["post-2758","page","type-page","status-publish","hentry"],"_links":{"self":[{"href":"https:\/\/niepceparis.com\/en\/wp-json\/wp\/v2\/pages\/2758"}],"collection":[{"href":"https:\/\/niepceparis.com\/en\/wp-json\/wp\/v2\/pages"}],"about":[{"href":"https:\/\/niepceparis.com\/en\/wp-json\/wp\/v2\/types\/page"}],"author":[{"embeddable":true,"href":"https:\/\/niepceparis.com\/en\/wp-json\/wp\/v2\/users\/7"}],"replies":[{"embeddable":true,"href":"https:\/\/niepceparis.com\/en\/wp-json\/wp\/v2\/comments?post=2758"}],"version-history":[{"count":26,"href":"https:\/\/niepceparis.com\/en\/wp-json\/wp\/v2\/pages\/2758\/revisions"}],"predecessor-version":[{"id":5482,"href":"https:\/\/niepceparis.com\/en\/wp-json\/wp\/v2\/pages\/2758\/revisions\/5482"}],"wp:attachment":[{"href":"https:\/\/niepceparis.com\/en\/wp-json\/wp\/v2\/media?parent=2758"}],"wp:term":[{"taxonomy":"yst_prominent_words","embeddable":true,"href":"https:\/\/niepceparis.com\/en\/wp-json\/wp\/v2\/yst_prominent_words?post=2758"}],"curies":[{"name":"wp","href":"https:\/\/api.w.org\/{rel}","templated":true}]}}