{"id":5406,"date":"2025-05-16T11:49:51","date_gmt":"2025-05-16T09:49:51","guid":{"rendered":"https:\/\/niepceparis.com\/niepce-paris-x-goldaia\/"},"modified":"2025-07-03T17:05:41","modified_gmt":"2025-07-03T15:05:41","slug":"niepce-paris-x-goldaia","status":"publish","type":"page","link":"https:\/\/niepceparis.com\/en\/niepce-paris-x-goldaia\/","title":{"rendered":"NIEPCE X GOLDAIA"},"content":{"rendered":"\t\t<div data-elementor-type=\"wp-page\" data-elementor-id=\"5406\" class=\"elementor elementor-5406 elementor-5381\" data-elementor-post-type=\"page\">\n\t\t\t\t\t\t<section class=\"elementor-section elementor-top-section elementor-element elementor-element-6184999 elementor-section-boxed elementor-section-height-default elementor-section-height-default\" data-id=\"6184999\" data-element_type=\"section\">\n\t\t\t\t\t\t<div class=\"elementor-container elementor-column-gap-default\">\n\t\t\t\t\t<div class=\"elementor-column elementor-col-100 elementor-top-column elementor-element elementor-element-cbcc5c5\" data-id=\"cbcc5c5\" data-element_type=\"column\">\n\t\t\t<div class=\"elementor-widget-wrap\">\n\t\t\t\t\t\t\t<\/div>\n\t\t<\/div>\n\t\t\t\t\t<\/div>\n\t\t<\/section>\n\t\t\t\t<section class=\"elementor-section elementor-top-section elementor-element elementor-element-5d0deb50 elementor-section-boxed elementor-section-height-default elementor-section-height-default\" data-id=\"5d0deb50\" data-element_type=\"section\">\n\t\t\t\t\t\t<div class=\"elementor-container elementor-column-gap-default\">\n\t\t\t\t\t<div class=\"elementor-column elementor-col-100 elementor-top-column elementor-element elementor-element-665ee786 home-encart\" data-id=\"665ee786\" data-element_type=\"column\">\n\t\t\t<div class=\"elementor-widget-wrap elementor-element-populated\">\n\t\t\t\t\t\t<div class=\"elementor-element elementor-element-1df2a60 elementor-widget elementor-widget-heading\" data-id=\"1df2a60\" data-element_type=\"widget\" data-widget_type=\"heading.default\">\n\t\t\t\t<div class=\"elementor-widget-container\">\n\t\t\t<h1 class=\"elementor-heading-title elementor-size-default\">Niepce Paris  <b>x<\/b>  goldaia<\/h1>\t\t<\/div>\n\t\t\t\t<\/div>\n\t\t\t\t<div class=\"elementor-element elementor-element-3334d86b elementor-widget-divider--view-line_icon elementor-view-stacked separator elementor-widget-divider--element-align-center elementor-widget elementor-widget-divider\" data-id=\"3334d86b\" data-element_type=\"widget\" data-widget_type=\"divider.default\">\n\t\t\t\t<div class=\"elementor-widget-container\">\n\t\t\t\t\t<div class=\"elementor-divider\">\n\t\t\t<span class=\"elementor-divider-separator\">\n\t\t\t\t\t\t\t<div class=\"elementor-icon elementor-divider__element\">\n\t\t\t\t\t<i aria-hidden=\"true\" class=\"fas fa-square-full\"><\/i><\/div>\n\t\t\t\t\t\t<\/span>\n\t\t<\/div>\n\t\t\t\t<\/div>\n\t\t\t\t<\/div>\n\t\t\t\t<div class=\"elementor-element elementor-element-7b19dbac elementor-widget elementor-widget-text-editor\" data-id=\"7b19dbac\" data-element_type=\"widget\" data-widget_type=\"text-editor.default\">\n\t\t\t\t<div class=\"elementor-widget-container\">\n\t\t\t\t\t\t\t<h4><em>The partnership between the Niepce Paris H\u00f4tel and the Goldaia jewellery house has resulted in an exclusive showcase near the hotel bar, featuring creations embodying contemporary femininity. This selection of jewellery, both elegant and meaningful, fits perfectly into the aesthetic and artistic universe of the hotel. <\/em><br \/><em>For full details, please contact the hotel directly.<\/em><\/h4>\t\t\t\t\t\t<\/div>\n\t\t\t\t<\/div>\n\t\t\t\t<div class=\"elementor-element elementor-element-588d9b7d elementor-align-center primary-button elementor-widget elementor-widget-button\" data-id=\"588d9b7d\" data-element_type=\"widget\" data-widget_type=\"button.default\">\n\t\t\t\t<div class=\"elementor-widget-container\">\n\t\t\t\t\t\t\t<div class=\"elementor-button-wrapper\">\n\t\t\t\t\t<a class=\"elementor-button elementor-button-link elementor-size-sm\" href=\"https:\/\/www.goldaia.com\/\">\n\t\t\t\t\t\t<span class=\"elementor-button-content-wrapper\">\n\t\t\t\t\t\t\t\t\t<span class=\"elementor-button-text\">Discover GOLDAIA<\/span>\n\t\t\t\t\t<\/span>\n\t\t\t\t\t<\/a>\n\t\t\t\t<\/div>\n\t\t\t\t\t\t<\/div>\n\t\t\t\t<\/div>\n\t\t\t\t<div class=\"elementor-element elementor-element-43d36b8c elementor-widget elementor-widget-image\" data-id=\"43d36b8c\" data-element_type=\"widget\" data-widget_type=\"image.default\">\n\t\t\t\t<div class=\"elementor-widget-container\">\n\t\t\t\t\t\t\t\t\t\t\t\t\t<img fetchpriority=\"high\" decoding=\"async\" width=\"1024\" height=\"380\" src=\"https:\/\/niepceparis.com\/wp-content\/uploads\/2025\/07\/partenariatxgoldaia-1024x380.jpeg\" class=\"attachment-large size-large wp-image-5609\" alt=\"partenariatxgoldaia\" srcset=\"https:\/\/niepceparis.com\/wp-content\/uploads\/2025\/07\/partenariatxgoldaia-1024x380.jpeg 1024w, https:\/\/niepceparis.com\/wp-content\/uploads\/2025\/07\/partenariatxgoldaia-300x111.jpeg 300w, https:\/\/niepceparis.com\/wp-content\/uploads\/2025\/07\/partenariatxgoldaia-768x285.jpeg 768w, https:\/\/niepceparis.com\/wp-content\/uploads\/2025\/07\/partenariatxgoldaia-1536x570.jpeg 1536w, https:\/\/niepceparis.com\/wp-content\/uploads\/2025\/07\/partenariatxgoldaia-2048x760.jpeg 2048w\" sizes=\"(max-width: 1024px) 100vw, 1024px\" \/>\t\t\t\t\t\t\t\t\t\t\t\t\t<\/div>\n\t\t\t\t<\/div>\n\t\t\t\t<div class=\"elementor-element elementor-element-61bf1f4 elementor-widget elementor-widget-heading\" data-id=\"61bf1f4\" data-element_type=\"widget\" data-widget_type=\"heading.default\">\n\t\t\t\t<div class=\"elementor-widget-container\">\n\t\t\t<h1 class=\"elementor-heading-title elementor-size-default\">The spirit of the place, the legacy of Janine Ni\u00e9pce.<\/h1>\t\t<\/div>\n\t\t\t\t<\/div>\n\t\t\t\t<div class=\"elementor-element elementor-element-4f0caa0 elementor-widget-divider--view-line_icon elementor-view-stacked separator elementor-widget-divider--element-align-center elementor-widget elementor-widget-divider\" data-id=\"4f0caa0\" data-element_type=\"widget\" data-widget_type=\"divider.default\">\n\t\t\t\t<div class=\"elementor-widget-container\">\n\t\t\t\t\t<div class=\"elementor-divider\">\n\t\t\t<span class=\"elementor-divider-separator\">\n\t\t\t\t\t\t\t<div class=\"elementor-icon elementor-divider__element\">\n\t\t\t\t\t<i aria-hidden=\"true\" class=\"fas fa-square-full\"><\/i><\/div>\n\t\t\t\t\t\t<\/span>\n\t\t<\/div>\n\t\t\t\t<\/div>\n\t\t\t\t<\/div>\n\t\t\t\t<div class=\"elementor-element elementor-element-3e8314e3 elementor-widget elementor-widget-text-editor\" data-id=\"3e8314e3\" data-element_type=\"widget\" data-widget_type=\"text-editor.default\">\n\t\t\t\t<div class=\"elementor-widget-container\">\n\t\t\t\t\t\t\t<p>This partnership takes on its full meaning within the setting of the Niepce Paris Hotel, rooted in the artistic history of Montparnasse. Since the 1920s, this neighborhood has been home to many avant-garde and free-spirited figures, including the photographer Janine Ni\u00e9pce, whose work inspires the soul of the hotel.<\/p><p><br><\/p>\n<p>As one of the first female photojournalists in France, Janine Ni\u00e9pce captured, for over fifty years, the transformations of society and everyday moments with a sensitive and committed eye. Her photographs\u2014both intimate and universal\u2014pay tribute to women and their emancipation. An artistic and humanistic vision that naturally resonates with Goldaia\u2019s creations.<\/p>\t\t\t\t\t\t<\/div>\n\t\t\t\t<\/div>\n\t\t\t\t\t<\/div>\n\t\t<\/div>\n\t\t\t\t\t<\/div>\n\t\t<\/section>\n\t\t\t\t<section class=\"elementor-section elementor-top-section elementor-element elementor-element-40f18a90 elementor-section-boxed elementor-section-height-default elementor-section-height-default\" data-id=\"40f18a90\" data-element_type=\"section\" data-settings=\"{&quot;background_background&quot;:&quot;classic&quot;}\">\n\t\t\t\t\t\t<div class=\"elementor-container elementor-column-gap-default\">\n\t\t\t\t\t<div class=\"elementor-column elementor-col-100 elementor-top-column elementor-element elementor-element-74fe2d3f home-encart\" data-id=\"74fe2d3f\" data-element_type=\"column\">\n\t\t\t<div class=\"elementor-widget-wrap elementor-element-populated\">\n\t\t\t\t\t\t<div class=\"elementor-element elementor-element-4e8f5982 elementor-widget elementor-widget-heading\" data-id=\"4e8f5982\" data-element_type=\"widget\" data-widget_type=\"heading.default\">\n\t\t\t\t<div class=\"elementor-widget-container\">\n\t\t\t<h3 class=\"elementor-heading-title elementor-size-default\">Goldaia Star according to the Niepce Hotel Paris<\/h3>\t\t<\/div>\n\t\t\t\t<\/div>\n\t\t\t\t<div class=\"elementor-element elementor-element-679a311d elementor-widget-divider--view-line_icon elementor-view-stacked separator elementor-widget-divider--element-align-center elementor-widget elementor-widget-divider\" data-id=\"679a311d\" data-element_type=\"widget\" data-widget_type=\"divider.default\">\n\t\t\t\t<div class=\"elementor-widget-container\">\n\t\t\t\t\t<div class=\"elementor-divider\">\n\t\t\t<span class=\"elementor-divider-separator\">\n\t\t\t\t\t\t\t<div class=\"elementor-icon elementor-divider__element\">\n\t\t\t\t\t<i aria-hidden=\"true\" class=\"fas fa-square-full\"><\/i><\/div>\n\t\t\t\t\t\t<\/span>\n\t\t<\/div>\n\t\t\t\t<\/div>\n\t\t\t\t<\/div>\n\t\t\t\t<div class=\"elementor-element elementor-element-6921ed3b elementor-widget elementor-widget-text-editor\" data-id=\"6921ed3b\" data-element_type=\"widget\" data-widget_type=\"text-editor.default\">\n\t\t\t\t<div class=\"elementor-widget-container\">\n\t\t\t\t\t\t\t<p>In the avant-garde tradition of this era and the portraits of free-spirited women\u00a0and while the Niepce Hotel proposes a certain perspective on femininity,\u00a0Goldaia comes to embody this view of a modern woman with a dedicated jewel, in the form of a Star, such as the conclusion of more than fifty years of evolution of women&#8217;s conditions.<br \/><br \/><\/p><p>Goldaia imagined a refined and elegant jewelry collection designed by the designer T\u00e9h\u00e9 Oula, and Made in France by the artisan jeweler Mussa Bald\u00e9. The creations unite with the modern universe of the hotel.<\/p>\t\t\t\t\t\t<\/div>\n\t\t\t\t<\/div>\n\t\t\t\t<div class=\"elementor-element elementor-element-544dfa6e elementor-widget elementor-widget-image\" data-id=\"544dfa6e\" data-element_type=\"widget\" data-widget_type=\"image.default\">\n\t\t\t\t<div class=\"elementor-widget-container\">\n\t\t\t\t\t\t\t\t\t\t\t\t\t<img decoding=\"async\" width=\"1024\" height=\"365\" src=\"https:\/\/niepceparis.com\/wp-content\/uploads\/2025\/05\/F2-1024x365.jpeg\" class=\"attachment-large size-large wp-image-5387\" alt=\"niepecehotel-goldaia\" srcset=\"https:\/\/niepceparis.com\/wp-content\/uploads\/2025\/05\/F2-1024x365.jpeg 1024w, https:\/\/niepceparis.com\/wp-content\/uploads\/2025\/05\/F2-300x107.jpeg 300w, https:\/\/niepceparis.com\/wp-content\/uploads\/2025\/05\/F2-768x274.jpeg 768w, https:\/\/niepceparis.com\/wp-content\/uploads\/2025\/05\/F2-1536x547.jpeg 1536w, https:\/\/niepceparis.com\/wp-content\/uploads\/2025\/05\/F2-2048x730.jpeg 2048w\" sizes=\"(max-width: 1024px) 100vw, 1024px\" \/>\t\t\t\t\t\t\t\t\t\t\t\t\t<\/div>\n\t\t\t\t<\/div>\n\t\t\t\t<div class=\"elementor-element elementor-element-2a227c7b elementor-widget elementor-widget-text-editor\" data-id=\"2a227c7b\" data-element_type=\"widget\" data-widget_type=\"text-editor.default\">\n\t\t\t\t<div class=\"elementor-widget-container\">\n\t\t\t\t\t\t\t<p><em>For further information, please inquire at the reception.<\/em><\/p>\t\t\t\t\t\t<\/div>\n\t\t\t\t<\/div>\n\t\t\t\t\t<\/div>\n\t\t<\/div>\n\t\t\t\t\t<\/div>\n\t\t<\/section>\n\t\t\t\t<section class=\"elementor-section elementor-top-section elementor-element elementor-element-6b5cd4b4 elementor-section-boxed elementor-section-height-default elementor-section-height-default\" data-id=\"6b5cd4b4\" data-element_type=\"section\" data-settings=\"{&quot;background_background&quot;:&quot;classic&quot;}\">\n\t\t\t\t\t\t<div class=\"elementor-container elementor-column-gap-default\">\n\t\t\t\t\t<div class=\"elementor-column elementor-col-100 elementor-top-column elementor-element elementor-element-6cc1254c home-encart\" data-id=\"6cc1254c\" data-element_type=\"column\">\n\t\t\t<div class=\"elementor-widget-wrap elementor-element-populated\">\n\t\t\t\t\t\t<div class=\"elementor-element elementor-element-3bb9f18b elementor-widget elementor-widget-heading\" data-id=\"3bb9f18b\" data-element_type=\"widget\" data-widget_type=\"heading.default\">\n\t\t\t\t<div class=\"elementor-widget-container\">\n\t\t\t<h3 class=\"elementor-heading-title elementor-size-default\">Message from the creator, T\u00e9h\u00e9 Oula, Founder of Goldaia<\/h3>\t\t<\/div>\n\t\t\t\t<\/div>\n\t\t\t\t<div class=\"elementor-element elementor-element-4bc6a83f elementor-widget-divider--view-line_icon elementor-view-stacked separator elementor-widget-divider--element-align-center elementor-widget elementor-widget-divider\" data-id=\"4bc6a83f\" data-element_type=\"widget\" data-widget_type=\"divider.default\">\n\t\t\t\t<div class=\"elementor-widget-container\">\n\t\t\t\t\t<div class=\"elementor-divider\">\n\t\t\t<span class=\"elementor-divider-separator\">\n\t\t\t\t\t\t\t<div class=\"elementor-icon elementor-divider__element\">\n\t\t\t\t\t<i aria-hidden=\"true\" class=\"fas fa-square-full\"><\/i><\/div>\n\t\t\t\t\t\t<\/span>\n\t\t<\/div>\n\t\t\t\t<\/div>\n\t\t\t\t<\/div>\n\t\t\t\t<div class=\"elementor-element elementor-element-4904078b elementor-blockquote--skin-clean elementor-blockquote--button-color-official elementor-widget elementor-widget-blockquote\" data-id=\"4904078b\" data-element_type=\"widget\" data-widget_type=\"blockquote.default\">\n\t\t\t\t<div class=\"elementor-widget-container\">\n\t\t\t\t\t<blockquote class=\"elementor-blockquote\">\n\t\t\t<p class=\"elementor-blockquote__content\">\n\t\t\t\t\"We all have a lucky star within us. My wish is that every Man and every Woman finds their way to make it shine. By wearing your Star, you wear your Dream.\"\n<br>\n<br>\nIn 2004, at only 15, I dared to believe in my dream of creating a jewelry house. After 20 years of dedicated work, this dream has become a reality. Beyond my creations, my mission is to transmit you the energy to believe in yourself and in your Star to find the strength to invest yourself in what you love and to accomplish your projects. We all need support; we value it even further when it comes from a person important to us.\n<br>\n<br>\nIt is no coincidence that you are just right here, between heaven and earth all dreams are allowed. There is no greater luxury than believing in yourself and in your projects.\n\t\t\t<\/p>\n\t\t\t\t\t<\/blockquote>\n\t\t\t\t<\/div>\n\t\t\t\t<\/div>\n\t\t\t\t\t<\/div>\n\t\t<\/div>\n\t\t\t\t\t<\/div>\n\t\t<\/section>\n\t\t\t\t<\/div>\n\t\t","protected":false},"excerpt":{"rendered":"<p>Niepce Paris x goldaia The partnership between the Niepce Paris H\u00f4tel and the Goldaia jewellery house has resulted in an exclusive showcase near the hotel bar, featuring creations embodying contemporary femininity. This selection of jewellery, both elegant and meaningful, fits perfectly into the aesthetic and artistic universe of the hotel. For full details, please contact [&hellip;]<\/p>\n","protected":false},"author":9,"featured_media":0,"parent":0,"menu_order":0,"comment_status":"closed","ping_status":"closed","template":"","meta":{"site-sidebar-layout":"no-sidebar","site-content-layout":"page-builder","ast-site-content-layout":"full-width-container","site-content-style":"unboxed","site-sidebar-style":"unboxed","ast-global-header-display":"","ast-banner-title-visibility":"","ast-main-header-display":"","ast-hfb-above-header-display":"","ast-hfb-below-header-display":"","ast-hfb-mobile-header-display":"","site-post-title":"disabled","ast-breadcrumbs-content":"","ast-featured-img":"disabled","footer-sml-layout":"","theme-transparent-header-meta":"default","adv-header-id-meta":"","stick-header-meta":"","header-above-stick-meta":"","header-main-stick-meta":"","header-below-stick-meta":"","astra-migrate-meta-layouts":"set","ast-page-background-enabled":"default","ast-page-background-meta":{"desktop":{"background-color":"","background-image":"","background-repeat":"repeat","background-position":"center center","background-size":"auto","background-attachment":"scroll","background-type":"","background-media":"","overlay-type":"","overlay-color":"","overlay-opacity":"","overlay-gradient":""},"tablet":{"background-color":"","background-image":"","background-repeat":"repeat","background-position":"center center","background-size":"auto","background-attachment":"scroll","background-type":"","background-media":"","overlay-type":"","overlay-color":"","overlay-opacity":"","overlay-gradient":""},"mobile":{"background-color":"","background-image":"","background-repeat":"repeat","background-position":"center center","background-size":"auto","background-attachment":"scroll","background-type":"","background-media":"","overlay-type":"","overlay-color":"","overlay-opacity":"","overlay-gradient":""}},"ast-content-background-meta":{"desktop":{"background-color":"var(--ast-global-color-5)","background-image":"","background-repeat":"repeat","background-position":"center center","background-size":"auto","background-attachment":"scroll","background-type":"","background-media":"","overlay-type":"","overlay-color":"","overlay-opacity":"","overlay-gradient":""},"tablet":{"background-color":"var(--ast-global-color-5)","background-image":"","background-repeat":"repeat","background-position":"center center","background-size":"auto","background-attachment":"scroll","background-type":"","background-media":"","overlay-type":"","overlay-color":"","overlay-opacity":"","overlay-gradient":""},"mobile":{"background-color":"var(--ast-global-color-5)","background-image":"","background-repeat":"repeat","background-position":"center center","background-size":"auto","background-attachment":"scroll","background-type":"","background-media":"","overlay-type":"","overlay-color":"","overlay-opacity":"","overlay-gradient":""}},"footnotes":""},"yst_prominent_words":[],"class_list":["post-5406","page","type-page","status-publish","hentry"],"_links":{"self":[{"href":"https:\/\/niepceparis.com\/en\/wp-json\/wp\/v2\/pages\/5406"}],"collection":[{"href":"https:\/\/niepceparis.com\/en\/wp-json\/wp\/v2\/pages"}],"about":[{"href":"https:\/\/niepceparis.com\/en\/wp-json\/wp\/v2\/types\/page"}],"author":[{"embeddable":true,"href":"https:\/\/niepceparis.com\/en\/wp-json\/wp\/v2\/users\/9"}],"replies":[{"embeddable":true,"href":"https:\/\/niepceparis.com\/en\/wp-json\/wp\/v2\/comments?post=5406"}],"version-history":[{"count":34,"href":"https:\/\/niepceparis.com\/en\/wp-json\/wp\/v2\/pages\/5406\/revisions"}],"predecessor-version":[{"id":5627,"href":"https:\/\/niepceparis.com\/en\/wp-json\/wp\/v2\/pages\/5406\/revisions\/5627"}],"wp:attachment":[{"href":"https:\/\/niepceparis.com\/en\/wp-json\/wp\/v2\/media?parent=5406"}],"wp:term":[{"taxonomy":"yst_prominent_words","embeddable":true,"href":"https:\/\/niepceparis.com\/en\/wp-json\/wp\/v2\/yst_prominent_words?post=5406"}],"curies":[{"name":"wp","href":"https:\/\/api.w.org\/{rel}","templated":true}]}}